{"id":1474,"date":"2023-08-06T11:18:04","date_gmt":"2023-08-06T09:18:04","guid":{"rendered":"https:\/\/michaelsrootsinvienna.at\/en\/meine-touren\/hohe-warte-copy\/"},"modified":"2025-03-13T10:19:24","modified_gmt":"2025-03-13T09:19:24","slug":"public-gardens-along-ringstrasse","status":"publish","type":"page","link":"https:\/\/michaelsrootsinvienna.at\/en\/meine-touren\/public-gardens-along-ringstrasse\/","title":{"rendered":"Public gardens along Ringstrasse"},"content":{"rendered":"\n<div class=\"wp-block-columns alignwide are-vertically-aligned-center is-style-twentytwentyone-columns-overlap is-layout-flex wp-container-core-columns-is-layout-1 wp-block-columns-is-layout-flex\">\n<div class=\"wp-block-column is-vertically-aligned-center is-layout-flow wp-block-column-is-layout-flow\">\n<p class=\"has-medium-font-size\"><\/p>\n\n\n\n<p class=\"has-medium-font-size\">The gardens of Vienna&#8217;s Ringstrasse look back on a history of more than 200 years: the &#8222;<strong>Rathauspark<\/strong>&#8220; as an event zone, the <strong>&#8222;Volksgarten&#8220; with the Theseus Temple<\/strong> and the monument to Empress Elisabeth, and the &#8222;<strong>Burggarten<\/strong>&#8220; as a former imperial private garden with its unique monuments are particularly appreciated.<\/p>\n\n\n\n<p class=\"has-medium-font-size\">The largest park on the Ringstrasse, however, is the &#8222;<strong>Stadtpark<\/strong>&#8222;. It is dedicated to artists and musicians and the Kursalon at the edge of the park was once the workplace of the famous Johann Strauss the Younger.<\/p>\n\n\n\n<p class=\"has-medium-font-size\"><\/p>\n\n\n\n<div style=\"height:25px\" aria-hidden=\"true\" class=\"wp-block-spacer\"><\/div>\n<\/div>\n\n\n\n<div class=\"wp-block-column is-vertically-aligned-center is-layout-flow wp-block-column-is-layout-flow\">\n<div style=\"height:25px\" aria-hidden=\"true\" class=\"wp-block-spacer\"><\/div>\n\n\n\n<figure class=\"wp-block-image size-large\"><img decoding=\"async\" src=\"https:\/\/michaelsrootsinvienna.at\/en\/wp-content\/uploads\/sites\/2\/2023\/05\/theseus-p-k-100-scaled-e1691315006383-939x1024.jpg\" alt=\"\" class=\"wp-image-1384\"\/><\/figure>\n\n\n\n<div style=\"height:25px\" aria-hidden=\"true\" class=\"wp-block-spacer\"><\/div>\n<\/div>\n<\/div>\n\n\n\n<div style=\"height:25px\" aria-hidden=\"true\" class=\"wp-block-spacer\"><\/div>\n\n\n\n<h2 class=\"wp-block-heading\" id=\"die-tour\">The Tour<\/h2>\n\n\n\n<div class=\"wp-block-columns alignwide are-vertically-aligned-center is-style-twentytwentyone-columns-overlap is-layout-flex wp-container-core-columns-is-layout-2 wp-block-columns-is-layout-flex\">\n<div class=\"wp-block-column is-vertically-aligned-center mobile-none is-layout-flow wp-block-column-is-layout-flow\">\n<figure class=\"wp-block-image size-large\"><img loading=\"lazy\" decoding=\"async\" width=\"1024\" height=\"819\" src=\"https:\/\/michaelsrootsinvienna.at\/en\/wp-content\/uploads\/sites\/2\/2022\/09\/Schmetterling-100-1024x819.jpg\" alt=\"\" class=\"wp-image-537\" srcset=\"https:\/\/michaelsrootsinvienna.at\/en\/wp-content\/uploads\/sites\/2\/2022\/09\/Schmetterling-100-1024x819.jpg 1024w, https:\/\/michaelsrootsinvienna.at\/en\/wp-content\/uploads\/sites\/2\/2022\/09\/Schmetterling-100-300x240.jpg 300w, https:\/\/michaelsrootsinvienna.at\/en\/wp-content\/uploads\/sites\/2\/2022\/09\/Schmetterling-100-768x614.jpg 768w, https:\/\/michaelsrootsinvienna.at\/en\/wp-content\/uploads\/sites\/2\/2022\/09\/Schmetterling-100-1536x1229.jpg 1536w, https:\/\/michaelsrootsinvienna.at\/en\/wp-content\/uploads\/sites\/2\/2022\/09\/Schmetterling-100-2048x1639.jpg 2048w\" sizes=\"(max-width: 1024px) 100vw, 1024px\" \/><\/figure>\n\n\n\n<div style=\"height:15px\" aria-hidden=\"true\" class=\"wp-block-spacer\"><\/div>\n\n\n\n<figure class=\"wp-block-image size-large\"><img loading=\"lazy\" decoding=\"async\" width=\"826\" height=\"1024\" src=\"https:\/\/michaelsrootsinvienna.at\/en\/wp-content\/uploads\/sites\/2\/2023\/01\/strauss-201-e1673080845433-826x1024.jpg\" alt=\"\" class=\"wp-image-1202\" srcset=\"https:\/\/michaelsrootsinvienna.at\/en\/wp-content\/uploads\/sites\/2\/2023\/01\/strauss-201-e1673080845433-826x1024.jpg 826w, https:\/\/michaelsrootsinvienna.at\/en\/wp-content\/uploads\/sites\/2\/2023\/01\/strauss-201-e1673080845433-242x300.jpg 242w, https:\/\/michaelsrootsinvienna.at\/en\/wp-content\/uploads\/sites\/2\/2023\/01\/strauss-201-e1673080845433-768x952.jpg 768w, https:\/\/michaelsrootsinvienna.at\/en\/wp-content\/uploads\/sites\/2\/2023\/01\/strauss-201-e1673080845433.jpg 832w\" sizes=\"(max-width: 826px) 100vw, 826px\" \/><\/figure>\n\n\n\n<div style=\"height:25px\" aria-hidden=\"true\" class=\"wp-block-spacer\"><\/div>\n<\/div>\n\n\n\n<div class=\"wp-block-column is-vertically-aligned-center is-layout-flow wp-block-column-is-layout-flow\">\n<p style=\"font-size:19px\"><strong>We meet in front of the Burgtheater<\/strong> on the Ringstrasse at the edge of the city center, which you can reach in <strong>a few minutes walk from St. Stephen&#8217;s Cathedral.<\/strong><\/p>\n\n\n\n<p style=\"font-size:19px\">After a short introduction, we will <strong>start by visiting the Rathauspark<\/strong> with its exotic plants and important statues that remind us in many ways of the <strong>history of the City of Vienna.<\/strong><\/p>\n\n\n\n<p style=\"font-size:19px\">Afterwards, we head to the <strong>Volksgarten<\/strong> with the Temple of Theseus and the Monument to Empress Elisabeth. This park is a feast for the eyes, especially in <strong>spring during the blooming of the roses.<\/strong><\/p>\n\n\n\n<p style=\"font-size:19px\">Via Heldenplatz we go to the former imperial private garden, the <strong>Burggarten<\/strong>. This is particularly appreciated as a hot spot, not least because of the <strong>beautiful palm house.<\/strong><\/p>\n\n\n\n<p style=\"font-size:19px\">We stroll past the Albertina and the State Opera to the <strong>Stadtpark<\/strong> and, next to the Kursalon, visit the city&#8217;s most <strong>famous statue <\/strong>of the waltz king Johann Strauss.<\/p>\n\n\n\n<p style=\"font-size:19px\">During the guided tour you will not only learn about the history, important personalities and the unique flora on the Ringstrasse. In addition, I also give a variety of <strong>tips and recommendations about other sights of Vienna.<\/strong><\/p>\n\n\n\n<p style=\"font-size:19px\"><strong>Quality<\/strong> is my highest priority and therefore the tours always take place target group oriented and in a relaxed atmosphere!<\/p>\n\n\n\n<p style=\"font-size:19px\">Upon request, I also offer the tour as a <strong>bike tour.<\/strong><\/p>\n\n\n\n<p style=\"font-size:19px\"><strong>Hint<\/strong>: bring your camera<\/p>\n\n\n\n<p style=\"font-size:19px\">I<strong> am looking forward to meeting you!<\/strong><\/p>\n\n\n\n<p><\/p>\n\n\n\n<div style=\"height:25px\" aria-hidden=\"true\" class=\"wp-block-spacer\"><\/div>\n<\/div>\n<\/div>\n\n\n\n<div style=\"height:25px\" aria-hidden=\"true\" class=\"wp-block-spacer\"><\/div>\n\n\n\n<h2 class=\"wp-block-heading\" id=\"allgemeine-informationen\">General Information<\/h2>\n\n\n\n<div class=\"wp-block-columns alignwide are-vertically-aligned-center is-style-twentytwentyone-columns-overlap is-layout-flex wp-container-core-columns-is-layout-4 wp-block-columns-is-layout-flex\">\n<div class=\"wp-block-column is-vertically-aligned-center is-layout-flow wp-block-column-is-layout-flow\">\n<h4 class=\"wp-block-heading has-medium-font-size\">&#8212; Meeting Point &#8212;<\/h4>\n\n\n\n<p style=\"font-size:18px\">Burgtheater &#8211; accessible via streetcar lines on Ringstra\u00dfe or subway line U2-Schottentor station. The tour lasts about 2,5 hours.<br><\/p>\n\n\n\n<p><\/p>\n\n\n\n<h4 class=\"wp-block-heading has-medium-font-size\">&#8212; Registration &#8212;<\/h4>\n\n\n\n<p style=\"font-size:18px\">see <strong>current dates <\/strong>or mail to <a href=\"mailto:michaelsrootsinvienna@chello.at\">michaelsrootsinvienna@chello.at<\/a> or contact me by telephone\/Whatsapp <strong>+43 676 6617950<\/strong><\/p>\n\n\n\n<p style=\"font-size:18px\"><br><\/p>\n\n\n\n<p><\/p>\n\n\n\n<h4 class=\"wp-block-heading has-medium-font-size\">&#8212; Fee &#8212;<\/h4>\n\n\n\n<div class=\"wp-block-columns is-layout-flex wp-container-core-columns-is-layout-3 wp-block-columns-is-layout-flex\">\n<div class=\"wp-block-column is-layout-flow wp-block-column-is-layout-flow\"><\/div>\n<\/div>\n\n\n\n<table class=\"home-table\" style=\"max-width: 300px;border-width: 0px\"><tbody><tr><td style=\"width: 200px;border-width: 0px\">Adults<\/td><td class=\"has-text-align-right\" data-align=\"right\" style=\"border-width: 0px\">\u20ac 28,90<\/td><\/tr><tr><td style=\"width: 200px;border-width: 0px\">Children (6 to 12 years)<\/td><td class=\"has-text-align-right\" data-align=\"right\" style=\"border-width: 0px\">\u20ac 18,90<\/td><\/tr><\/tbody><\/table>For group tarifs view <a href=\"https:\/\/michaelsrootsinvienna.at\/en\/agb\/\">Fees<\/a><\/td>\n<\/div>\n\n\n\n<div class=\"wp-block-column is-vertically-aligned-center is-layout-flow wp-block-column-is-layout-flow\"><div class=\"wp-block-image\">\n<figure class=\"aligncenter size-large\"><img loading=\"lazy\" decoding=\"async\" width=\"1024\" height=\"704\" src=\"https:\/\/michaelsrootsinvienna.at\/en\/wp-content\/uploads\/sites\/2\/2022\/09\/priv-101-scaled-e1662655102336-1024x704.jpg\" alt=\"\" class=\"wp-image-631\" srcset=\"https:\/\/michaelsrootsinvienna.at\/en\/wp-content\/uploads\/sites\/2\/2022\/09\/priv-101-scaled-e1662655102336-1024x704.jpg 1024w, https:\/\/michaelsrootsinvienna.at\/en\/wp-content\/uploads\/sites\/2\/2022\/09\/priv-101-scaled-e1662655102336-300x206.jpg 300w, https:\/\/michaelsrootsinvienna.at\/en\/wp-content\/uploads\/sites\/2\/2022\/09\/priv-101-scaled-e1662655102336-768x528.jpg 768w, https:\/\/michaelsrootsinvienna.at\/en\/wp-content\/uploads\/sites\/2\/2022\/09\/priv-101-scaled-e1662655102336-1536x1056.jpg 1536w, https:\/\/michaelsrootsinvienna.at\/en\/wp-content\/uploads\/sites\/2\/2022\/09\/priv-101-scaled-e1662655102336-2048x1408.jpg 2048w\" sizes=\"(max-width: 1024px) 100vw, 1024px\" \/><\/figure><\/div>\n\n\n<div style=\"height:25px\" aria-hidden=\"true\" class=\"wp-block-spacer\"><\/div>\n<\/div>\n<\/div>\n\n\n\n<div class=\"wp-block-columns is-layout-flex wp-container-core-columns-is-layout-6 wp-block-columns-is-layout-flex\">\n<div class=\"wp-block-column is-layout-flow wp-block-column-is-layout-flow\">\n<div class=\"wp-block-columns is-layout-flex wp-container-core-columns-is-layout-5 wp-block-columns-is-layout-flex\">\n<div class=\"wp-block-column is-layout-flow wp-block-column-is-layout-flow\">\n<p class=\"has-medium-font-size\"><strong>&#8212; current Dates  &#8212;<\/strong><\/p>\n\n\n\n<ul class='eme_events_list'><p>29. Mai 2026 \/ 14:00 - 16:30<br \/> <a href='https:\/\/michaelsrootsinvienna.at\/de\/events\/gaerten-der-ringstrasse-in-deutsch\/'  title='G\u00e4rten der Ringstra\u00dfe (in Deutsch)'>G\u00e4rten der Ringstra\u00dfe (in Deutsch)<\/a><br \/>Burgtheater, 1010 Wien Wien<\/p><p>5. Juni 2026 \/ 14:00 - 16:30<br \/> <a href='https:\/\/michaelsrootsinvienna.at\/de\/events\/gaerten-der-ringstrasse-in-deutsch-2\/'  title='G\u00e4rten der Ringstra\u00dfe (in Deutsch)'>G\u00e4rten der Ringstra\u00dfe (in Deutsch)<\/a><br \/>Burgtheater, 1010 Wien Wien<\/p><\/ul>\n<\/div>\n\n\n\n<div class=\"wp-block-column is-layout-flow wp-block-column-is-layout-flow\">\n<p style=\"font-size:18px\"><strong>&#8212; What the participants say &#8212;<\/strong><\/p>\n\n\n\n<figure class=\"wp-block-image size-large\"><img loading=\"lazy\" decoding=\"async\" width=\"1024\" height=\"229\" src=\"https:\/\/michaelsrootsinvienna.at\/en\/wp-content\/uploads\/sites\/2\/2023\/08\/Bildschirmfoto-2023-07-06-um-14.00.01-1024x229.png\" alt=\"\" class=\"wp-image-1487\" srcset=\"https:\/\/michaelsrootsinvienna.at\/en\/wp-content\/uploads\/sites\/2\/2023\/08\/Bildschirmfoto-2023-07-06-um-14.00.01-1024x229.png 1024w, https:\/\/michaelsrootsinvienna.at\/en\/wp-content\/uploads\/sites\/2\/2023\/08\/Bildschirmfoto-2023-07-06-um-14.00.01-300x67.png 300w, https:\/\/michaelsrootsinvienna.at\/en\/wp-content\/uploads\/sites\/2\/2023\/08\/Bildschirmfoto-2023-07-06-um-14.00.01-768x172.png 768w, https:\/\/michaelsrootsinvienna.at\/en\/wp-content\/uploads\/sites\/2\/2023\/08\/Bildschirmfoto-2023-07-06-um-14.00.01-1536x344.png 1536w, https:\/\/michaelsrootsinvienna.at\/en\/wp-content\/uploads\/sites\/2\/2023\/08\/Bildschirmfoto-2023-07-06-um-14.00.01.png 1670w\" sizes=\"(max-width: 1024px) 100vw, 1024px\" \/><\/figure>\n\n\n\n<figure class=\"wp-block-image size-large\"><img loading=\"lazy\" decoding=\"async\" width=\"1024\" height=\"352\" src=\"https:\/\/michaelsrootsinvienna.at\/en\/wp-content\/uploads\/sites\/2\/2023\/08\/Bildschirmfoto-2023-07-27-um-19.43.41-1024x352.png\" alt=\"\" class=\"wp-image-1488\" srcset=\"https:\/\/michaelsrootsinvienna.at\/en\/wp-content\/uploads\/sites\/2\/2023\/08\/Bildschirmfoto-2023-07-27-um-19.43.41-1024x352.png 1024w, https:\/\/michaelsrootsinvienna.at\/en\/wp-content\/uploads\/sites\/2\/2023\/08\/Bildschirmfoto-2023-07-27-um-19.43.41-300x103.png 300w, https:\/\/michaelsrootsinvienna.at\/en\/wp-content\/uploads\/sites\/2\/2023\/08\/Bildschirmfoto-2023-07-27-um-19.43.41-768x264.png 768w, https:\/\/michaelsrootsinvienna.at\/en\/wp-content\/uploads\/sites\/2\/2023\/08\/Bildschirmfoto-2023-07-27-um-19.43.41.png 1182w\" sizes=\"(max-width: 1024px) 100vw, 1024px\" \/><\/figure>\n<\/div>\n<\/div>\n<\/div>\n<\/div>\n\n\n\n<div class=\"wp-block-columns is-layout-flex wp-container-core-columns-is-layout-7 wp-block-columns-is-layout-flex\">\n<div class=\"wp-block-column is-layout-flow wp-block-column-is-layout-flow\"><\/div>\n<\/div>\n\n\n\n<div style=\"height:100px\" aria-hidden=\"true\" class=\"wp-block-spacer\"><\/div>\n","protected":false},"excerpt":{"rendered":"<p>The gardens of Vienna&#8217;s Ringstrasse look back on a history of more than 200 years: the &#8222;Rathauspark&#8220; as an event zone, the &#8222;Volksgarten&#8220; with the Theseus Temple and the monument to Empress Elisabeth, and the &#8222;Burggarten&#8220; as a former imperial private garden with its unique monuments are particularly appreciated. The largest park on the Ringstrasse, [&hellip;]<\/p>\n","protected":false},"author":3,"featured_media":0,"parent":6,"menu_order":0,"comment_status":"closed","ping_status":"closed","template":"template-page-full-width.php","meta":{"inline_featured_image":false,"footnotes":""},"_links":{"self":[{"href":"https:\/\/michaelsrootsinvienna.at\/en\/wp-json\/wp\/v2\/pages\/1474"}],"collection":[{"href":"https:\/\/michaelsrootsinvienna.at\/en\/wp-json\/wp\/v2\/pages"}],"about":[{"href":"https:\/\/michaelsrootsinvienna.at\/en\/wp-json\/wp\/v2\/types\/page"}],"author":[{"embeddable":true,"href":"https:\/\/michaelsrootsinvienna.at\/en\/wp-json\/wp\/v2\/users\/3"}],"replies":[{"embeddable":true,"href":"https:\/\/michaelsrootsinvienna.at\/en\/wp-json\/wp\/v2\/comments?post=1474"}],"version-history":[{"count":9,"href":"https:\/\/michaelsrootsinvienna.at\/en\/wp-json\/wp\/v2\/pages\/1474\/revisions"}],"predecessor-version":[{"id":1794,"href":"https:\/\/michaelsrootsinvienna.at\/en\/wp-json\/wp\/v2\/pages\/1474\/revisions\/1794"}],"up":[{"embeddable":true,"href":"https:\/\/michaelsrootsinvienna.at\/en\/wp-json\/wp\/v2\/pages\/6"}],"wp:attachment":[{"href":"https:\/\/michaelsrootsinvienna.at\/en\/wp-json\/wp\/v2\/media?parent=1474"}],"curies":[{"name":"wp","href":"https:\/\/api.w.org\/{rel}","templated":true}]}}